{"id":184,"date":"2016-03-02T15:36:10","date_gmt":"2016-03-02T15:36:10","guid":{"rendered":"http:\/\/test.kriesi.at\/travel\/?page_id=184"},"modified":"2024-11-07T16:48:57","modified_gmt":"2024-11-07T21:48:57","slug":"blog-de-viajes","status":"publish","type":"page","link":"https:\/\/visitapuertolopez.com\/index.php\/blog-de-viajes\/","title":{"rendered":"Blog de Viajes"},"content":{"rendered":"<div id='av_section_1'  class='avia-section main_color avia-section-large avia-no-border-styling  avia-full-stretch avia-bg-style-scroll  avia-builder-el-0  el_before_av_section  avia-builder-el-first   av-minimum-height av-minimum-height-50  container_wrap sidebar_right' style='background-repeat: no-repeat; background-image: url(https:\/\/visitapuertolopez.com\/wp-content\/uploads\/2021\/07\/Puerto-Lopez1.jpg);background-attachment: scroll; background-position: center center;  '  data-section-bg-repeat='stretch' data-av_minimum_height_pc='50'><div class='container' ><main  role=\"main\" itemprop=\"mainContentOfPage\"  class='template-page content  av-content-small alpha units'><div class='post-entry post-entry-type-page post-entry-184'><div class='entry-content-wrapper clearfix'>\n\n\n<\/div><\/div><\/main><!-- close content main element --><\/div><\/div><div id='av_section_2'  class='avia-section main_color avia-section-default avia-no-shadow  avia-bg-style-scroll  avia-builder-el-2  el_after_av_section  el_before_av_masonry_entries   container_wrap sidebar_right' style=' '  ><div class='container' ><div class='template-page content  av-content-small alpha units'><div class='post-entry post-entry-type-page post-entry-184'><div class='entry-content-wrapper clearfix'>\n<div class=\"flex_column av_one_half  av-animated-generic bottom-to-top  flex_column_div av-zero-column-padding first  avia-builder-el-3  el_before_av_one_half  avia-builder-el-first  \" style='border-radius:0px; '><p><div  style='padding-bottom:20px; font-size:34px;' class='av-special-heading av-special-heading-h3  blockquote modern-quote  avia-builder-el-4  el_before_av_textblock  avia-builder-el-first  av-inherit-size '><div class ='av-subheading av-subheading_above  ' style='font-size:15px;'><p>#UnMundoDeExperiencias<\/p>\n<\/div><h3 class='av-special-heading-tag '  itemprop=\"headline\"  >Vacunaci\u00f3n a toda la industria tur\u00edstica en Ecuador<\/h3><div class='special-heading-border'><div class='special-heading-inner-border' ><\/div><\/div><\/div><br \/>\n<section class=\"av_textblock_section \"  itemscope=\"itemscope\" itemtype=\"https:\/\/schema.org\/CreativeWork\" ><div class='avia_textblock  '   itemprop=\"text\" ><p class=\"v1MsoNormal\">El <strong>Ministerio de Turismo ecuatoriano<\/strong> tiene una meta biosegura: vacunar al 100% de las personas que trabajan en el sector tur\u00edstico del pa\u00eds.<\/p>\n<p class=\"v1MsoNormal\">Para agosto 2021, &#8220;la meta es ser el primer pa\u00eds de Sudam\u00e9rica en haber inoculado a toda su industria tur\u00edstica&#8221;, indic\u00f3 el ministro Niels Olsen quien asegura que el plan de vacunaci\u00f3n inici\u00f3 con \u00e9xito y aplica a los trabajadores de\u00a0<b>hoteles, touroperadoras, restaurantes, bares, transportistas, agencias de viajes, emprendimientos de souvenirs y establecimientos tur\u00edsticos.<\/b><\/p>\n<p class=\"v1MsoNormal\">En Puerto L\u00f3pez, siendo un destino tur\u00edstico muy importante en la costa ecuatoriana, el plan ya avanza con grandes resultados. Hay suficientes vacunas para toda la poblaci\u00f3n y los trabajadores tur\u00edsticos han recibido tanto la primera como la segunda dosis, convirtiendo a esta bella localidad costera en un Destino Seguro.<\/p>\n<blockquote>\n<p class=\"v1MsoNormal\">La\u00a0<b>temporada de ballenas jorobadas inici\u00f3 el 20 de junio y estar\u00e1 habilitada hasta mediados de octubre&#8230;<\/b><\/p>\n<\/blockquote>\n<p class=\"v1MsoNormal\">&#8230;es por eso que llegan cada vez m\u00e1s visitantes a Puerto L\u00f3pez donde sus habitantes y el sector tur\u00edstico, les reciben con todas las medidas de bioseguridad en cada uno de los tours y atracciones, as\u00ed tambi\u00e9n en restaurantes y tiendas de souvenirs cumpliendo con todas las normas oficiales de salud.<\/p>\n<p class=\"v1MsoNormal\"><b>Puerto L\u00f3pez #UnMundoDeExperiencias<\/b><\/p>\n<p class=\"v1MsoNormal\"><strong>Fuente: Ecuavisa y El Universo<\/strong><\/p>\n<\/div><\/section><br \/>\n<section class=\"av_textblock_section \"  itemscope=\"itemscope\" itemtype=\"https:\/\/schema.org\/CreativeWork\" ><div class='avia_textblock  '   itemprop=\"text\" ><div style=\"overflow: hidden; height: 1px;\">XNXX, xxnxxx, \u0633\u0643\u0633 \u0645\u0635\u0631\u064a, \u0633\u0643\u0633 \u0645\u062a\u0631\u062c\u0645, \u0633\u0643\u0633 \u0639\u0631\u0628\u064a, \u0627\u0641\u0644\u0627\u0645 \u0633\u0643\u0633, \u0642\u0635\u0635 \u0633\u0643\u0633, \u0633\u0643\u0633 \u0627\u0644\u0639\u0631\u0628, \u0633\u0643\u0633 \u0645\u0635\u0631\u0649, \u0633\u0643\u0633 \u0627\u0645\u0647\u0627\u062a <a href=\"https:\/\/xnxxxsex69.org\/14030\/\">https:\/\/xnxxxsex69.org\/14030\/<\/a><a href=\"https:\/\/xnxxxsex69.org\/14032\/\">https:\/\/xnxxxsex69.org\/14032\/<\/a><a href=\"https:\/\/xnxxxsex69.org\/14034\/\">https:\/\/xnxxxsex69.org\/14034\/<\/a><a href=\"https:\/\/xnxxxsex69.org\/14036\/\">https:\/\/xnxxxsex69.org\/14036\/<\/a><a href=\"https:\/\/xnxxxsex69.org\/14038\/\">https:\/\/xnxxxsex69.org\/14038\/<\/a><a href=\"https:\/\/xnxxxsex69.org\/14040\/\">https:\/\/xnxxxsex69.org\/14040\/<\/a><\/div>\n<\/div><\/section><br \/>\n<div  class='avia-image-container avia_animated_image avia_animate_when_almost_visible left-to-right av-styling- av-hover-grow   avia-builder-el-7  el_after_av_textblock  el_before_av_image  avia-align-center '  itemprop=\"image\" itemscope=\"itemscope\" itemtype=\"https:\/\/schema.org\/ImageObject\"  ><div class='avia-image-container-inner'><div class='avia-image-overlay-wrap'><img decoding=\"async\" class='wp-image-551 avia-img-lazy-loading-not-551 avia_image' src=\"https:\/\/visitapuertolopez.com\/wp-content\/uploads\/2021\/07\/Foto-El-Comercio.jpeg\" alt='' title='Foto El Comercio' height=\"342\" width=\"612\"  itemprop=\"thumbnailUrl\" srcset=\"https:\/\/visitapuertolopez.com\/wp-content\/uploads\/2021\/07\/Foto-El-Comercio.jpeg 612w, https:\/\/visitapuertolopez.com\/wp-content\/uploads\/2021\/07\/Foto-El-Comercio-300x168.jpeg 300w, https:\/\/visitapuertolopez.com\/wp-content\/uploads\/2021\/07\/Foto-El-Comercio-600x335.jpeg 600w\" sizes=\"(max-width: 612px) 100vw, 612px\" \/><\/div><\/div><\/div><br \/>\n<div  class='avia-image-container avia_animated_image avia_animate_when_almost_visible left-to-right av-styling- av-hover-grow   avia-builder-el-8  el_after_av_image  avia-builder-el-last  avia-align-center '  itemprop=\"image\" itemscope=\"itemscope\" itemtype=\"https:\/\/schema.org\/ImageObject\"  ><div class='avia-image-container-inner'><div class='avia-image-overlay-wrap'><img decoding=\"async\" class='wp-image-578 avia-img-lazy-loading-not-578 avia_image' src=\"https:\/\/visitapuertolopez.com\/wp-content\/uploads\/2021\/07\/Agua-Blanca-Puerto-Lopez-1030x670.png\" alt='' title='Agua Blanca - Puerto L\u00f3pez' height=\"670\" width=\"1030\"  itemprop=\"thumbnailUrl\" srcset=\"https:\/\/visitapuertolopez.com\/wp-content\/uploads\/2021\/07\/Agua-Blanca-Puerto-Lopez-1030x670.png 1030w, https:\/\/visitapuertolopez.com\/wp-content\/uploads\/2021\/07\/Agua-Blanca-Puerto-Lopez-300x195.png 300w, https:\/\/visitapuertolopez.com\/wp-content\/uploads\/2021\/07\/Agua-Blanca-Puerto-Lopez-768x499.png 768w, https:\/\/visitapuertolopez.com\/wp-content\/uploads\/2021\/07\/Agua-Blanca-Puerto-Lopez-1536x998.png 1536w, https:\/\/visitapuertolopez.com\/wp-content\/uploads\/2021\/07\/Agua-Blanca-Puerto-Lopez-1500x975.png 1500w, https:\/\/visitapuertolopez.com\/wp-content\/uploads\/2021\/07\/Agua-Blanca-Puerto-Lopez-705x458.png 705w, https:\/\/visitapuertolopez.com\/wp-content\/uploads\/2021\/07\/Agua-Blanca-Puerto-Lopez-600x390.png 600w, https:\/\/visitapuertolopez.com\/wp-content\/uploads\/2021\/07\/Agua-Blanca-Puerto-Lopez.png 2000w\" sizes=\"(max-width: 1030px) 100vw, 1030px\" \/><\/div><\/div><\/div><\/p><\/div><div class=\"flex_column av_one_half  av-animated-generic bottom-to-top  flex_column_div av-zero-column-padding   avia-builder-el-9  el_after_av_one_half  avia-builder-el-last  \" style='border-radius:0px; '><p><div  style='padding-bottom:20px; font-size:34px;' class='av-special-heading av-special-heading-h3  blockquote modern-quote  avia-builder-el-10  el_before_av_textblock  avia-builder-el-first  av-inherit-size '><div class ='av-subheading av-subheading_above  ' style='font-size:15px;'><p>Aenean commodo ligula<\/p>\n<\/div><h3 class='av-special-heading-tag '  itemprop=\"headline\"  >Lorem esum sit amet<\/h3><div class='special-heading-border'><div class='special-heading-inner-border' ><\/div><\/div><\/div><br \/>\n<section class=\"av_textblock_section \"  itemscope=\"itemscope\" itemtype=\"https:\/\/schema.org\/CreativeWork\" ><div class='avia_textblock  '   itemprop=\"text\" ><p>Donec elit libero, sodales nec, volutpat a, suscipit non, turpis. Nullam sagittis. Suspendisse pulvinar, augue ac venenatis condimentum, sem libero volutpat nibh, nec pellentesque velit pede quis nunc. Vestibulia Curae; Fusce id purus. <strong>Ut varius tincidunt<\/strong> libero. Phasellus dolor. Maecenas vestibulum mollis<\/p>\n<p>Lorem ipsum dolor sit amet, <strong>consectetuer<\/strong> adipiscing elit. Aenean commodo ligula eget dolor. Aenean massa. Cum sociis natoque penatibus et magnis dis parturient montes, nascetur ridiculus mus. Donec quam felis.<\/p>\n<\/div><\/section><br \/>\n<div  class='avia-image-container avia_animated_image avia_animate_when_almost_visible left-to-right av-styling- av-hover-grow   avia-builder-el-12  el_after_av_textblock  el_before_av_image  avia-align-center '  itemprop=\"image\" itemscope=\"itemscope\" itemtype=\"https:\/\/schema.org\/ImageObject\"  ><div class='avia-image-container-inner'><div class='avia-image-overlay-wrap'><img decoding=\"async\" class='wp-image-581 avia-img-lazy-loading-not-581 avia_image' src=\"https:\/\/visitapuertolopez.com\/wp-content\/uploads\/2021\/07\/Ballenas-avistamiento-Puerto-Lopez-1030x670.png\" alt='' title='Ballenas avistamiento - Puerto L\u00f3pez' height=\"670\" width=\"1030\"  itemprop=\"thumbnailUrl\" srcset=\"https:\/\/visitapuertolopez.com\/wp-content\/uploads\/2021\/07\/Ballenas-avistamiento-Puerto-Lopez-1030x670.png 1030w, https:\/\/visitapuertolopez.com\/wp-content\/uploads\/2021\/07\/Ballenas-avistamiento-Puerto-Lopez-300x195.png 300w, https:\/\/visitapuertolopez.com\/wp-content\/uploads\/2021\/07\/Ballenas-avistamiento-Puerto-Lopez-768x499.png 768w, https:\/\/visitapuertolopez.com\/wp-content\/uploads\/2021\/07\/Ballenas-avistamiento-Puerto-Lopez-1536x998.png 1536w, https:\/\/visitapuertolopez.com\/wp-content\/uploads\/2021\/07\/Ballenas-avistamiento-Puerto-Lopez-1500x975.png 1500w, https:\/\/visitapuertolopez.com\/wp-content\/uploads\/2021\/07\/Ballenas-avistamiento-Puerto-Lopez-705x458.png 705w, https:\/\/visitapuertolopez.com\/wp-content\/uploads\/2021\/07\/Ballenas-avistamiento-Puerto-Lopez-600x390.png 600w, https:\/\/visitapuertolopez.com\/wp-content\/uploads\/2021\/07\/Ballenas-avistamiento-Puerto-Lopez.png 2000w\" sizes=\"(max-width: 1030px) 100vw, 1030px\" \/><\/div><\/div><\/div><br \/>\n<div  class='avia-image-container avia_animated_image avia_animate_when_almost_visible left-to-right av-styling- av-hover-grow   avia-builder-el-13  el_after_av_image  avia-builder-el-last  avia-align-center '  itemprop=\"image\" itemscope=\"itemscope\" itemtype=\"https:\/\/schema.org\/ImageObject\"  ><div class='avia-image-container-inner'><div class='avia-image-overlay-wrap'><img decoding=\"async\" class='wp-image-580 avia-img-lazy-loading-not-580 avia_image' src=\"https:\/\/visitapuertolopez.com\/wp-content\/uploads\/2021\/07\/Ballenas-Puerto-Lopez-1030x670.png\" alt='' title='Ballenas - Puerto L\u00f3pez' height=\"670\" width=\"1030\"  itemprop=\"thumbnailUrl\" srcset=\"https:\/\/visitapuertolopez.com\/wp-content\/uploads\/2021\/07\/Ballenas-Puerto-Lopez-1030x670.png 1030w, https:\/\/visitapuertolopez.com\/wp-content\/uploads\/2021\/07\/Ballenas-Puerto-Lopez-300x195.png 300w, https:\/\/visitapuertolopez.com\/wp-content\/uploads\/2021\/07\/Ballenas-Puerto-Lopez-768x499.png 768w, https:\/\/visitapuertolopez.com\/wp-content\/uploads\/2021\/07\/Ballenas-Puerto-Lopez-1536x998.png 1536w, https:\/\/visitapuertolopez.com\/wp-content\/uploads\/2021\/07\/Ballenas-Puerto-Lopez-1500x975.png 1500w, https:\/\/visitapuertolopez.com\/wp-content\/uploads\/2021\/07\/Ballenas-Puerto-Lopez-705x458.png 705w, https:\/\/visitapuertolopez.com\/wp-content\/uploads\/2021\/07\/Ballenas-Puerto-Lopez-600x390.png 600w, https:\/\/visitapuertolopez.com\/wp-content\/uploads\/2021\/07\/Ballenas-Puerto-Lopez.png 2000w\" sizes=\"(max-width: 1030px) 100vw, 1030px\" \/><\/div><\/div><\/div><\/p><\/div><div id='av-masonry-1' class='av-masonry  noHover av-fixed-size av-large-gap av-hover-overlay-active av-masonry-animation-active av-masonry-col-4 av-caption-on-hover-hide av-caption-style-overlay    '  ><div class='av-masonry-sort main_color av-sort-yes-tax' data-masonry-id='1' ><div class='av-current-sort-title'><span class=\"inner_sort_button\"><span>All<\/span><small class=\"avia-term-count\"> 6 <\/small><\/span><\/div><div class='av-sort-by-term  ' data-av-allowed-sort='[\"agua-frailes_sort\",\"aventuras_sort\",\"ayampe-las-tunas_sort\",\"bosque-humedo_sort\",\"isla-de-la-plata_sort\",\"los-frailes_sort\"]' ><a href=\"#\" data-filter=\"all_sort\" class=\"all_sort_button active_sort\"><span class=\"inner_sort_button\"><span>All<\/span><small class=\"avia-term-count\"> 6 <\/small><\/span><\/a><span class='text-sep agua-frailes_sort_sep avia_show_sort'>\/<\/span><a href=\"#\" data-filter=\"agua-frailes_sort\" class=\"agua-frailes_sort_button avia_show_sort\" ><span class=\"inner_sort_button\"><span>Agua Blanca<\/span><small class='avia-term-count'> 1 <\/small><\/span><\/a><span class='text-sep aventuras_sort_sep avia_show_sort'>\/<\/span><a href=\"#\" data-filter=\"aventuras_sort\" class=\"aventuras_sort_button avia_show_sort\" ><span class=\"inner_sort_button\"><span>Aventuras<\/span><small class='avia-term-count'> 1 <\/small><\/span><\/a><span class='text-sep ayampe-las-tunas_sort_sep avia_show_sort'>\/<\/span><a href=\"#\" data-filter=\"ayampe-las-tunas_sort\" class=\"ayampe-las-tunas_sort_button avia_show_sort\" ><span class=\"inner_sort_button\"><span>Ayampe - Las Tunas<\/span><small class='avia-term-count'> 1 <\/small><\/span><\/a><span class='text-sep bosque-humedo_sort_sep avia_show_sort'>\/<\/span><a href=\"#\" data-filter=\"bosque-humedo_sort\" class=\"bosque-humedo_sort_button avia_show_sort\" ><span class=\"inner_sort_button\"><span>Bosque Humedo<\/span><small class='avia-term-count'> 1 <\/small><\/span><\/a><span class='text-sep isla-de-la-plata_sort_sep avia_show_sort'>\/<\/span><a href=\"#\" data-filter=\"isla-de-la-plata_sort\" class=\"isla-de-la-plata_sort_button avia_show_sort\" ><span class=\"inner_sort_button\"><span>Isla de la Plata<\/span><small class='avia-term-count'> 1 <\/small><\/span><\/a><span class='text-sep los-frailes_sort_sep avia_show_sort'>\/<\/span><a href=\"#\" data-filter=\"los-frailes_sort\" class=\"los-frailes_sort_button avia_show_sort\" ><span class=\"inner_sort_button\"><span>Los Frailes<\/span><small class='avia-term-count'> 1 <\/small><\/span><\/a><\/div><\/div><div class='av-masonry-container isotope av-js-disabled ' ><div class='av-masonry-entry isotope-item av-masonry-item-no-image all_sort agua-frailes_sort  aventuras_sort  ayampe-las-tunas_sort  bosque-humedo_sort  isla-de-la-plata_sort  los-frailes_sort '><\/div><a href=\"https:\/\/visitapuertolopez.com\/index.php\/producto\/agua_blanca\/\"  id='av-masonry-1-item-47' data-av-masonry-item='47' class='av-masonry-entry isotope-item post-47 product type-product status-publish has-post-thumbnail product_cat-agua-frailes first instock virtual product-type-simple all_sort agua-frailes_sort  av-masonry-item-with-image av-grid-img' title=\"4\"  itemscope=\"itemscope\" itemtype=\"https:\/\/schema.org\/CreativeWork\" ><div class='av-inner-masonry-sizer'><\/div><figure class='av-inner-masonry main_color'><div class=\"av-masonry-outerimage-container\"><div class=\"av-masonry-image-container\" style=\"background-image: url(https:\/\/visitapuertolopez.com\/wp-content\/uploads\/2021\/07\/4-705x392.png);\" title=\"4\" ><\/div><\/div><figcaption class='av-inner-masonry-content site-background'><div class='av-inner-masonry-content-pos'><div class='av-inner-masonry-content-pos-content'><div class='avia-arrow'><\/div><h3 class='av-masonry-entry-title entry-title '  itemprop=\"headline\" >Agua Blanca<\/h3><span class=\"av-masonry-price price\"><\/span><\/div><\/div><\/figcaption><\/figure><\/a><!--end av-masonry entry--><a href=\"https:\/\/visitapuertolopez.com\/index.php\/producto\/aventuras_en_puerto_lopez\/\"  id='av-masonry-1-item-48' data-av-masonry-item='48' class='av-masonry-entry isotope-item post-48 product type-product status-publish has-post-thumbnail product_cat-aventuras  instock virtual product-type-simple all_sort aventuras_sort  av-masonry-item-with-image av-grid-img' title=\"41\"  itemscope=\"itemscope\" itemtype=\"https:\/\/schema.org\/CreativeWork\" ><div class='av-inner-masonry-sizer'><\/div><figure class='av-inner-masonry main_color'><div class=\"av-masonry-outerimage-container\"><div class=\"av-masonry-image-container\" style=\"background-image: url(https:\/\/visitapuertolopez.com\/wp-content\/uploads\/2016\/03\/41-705x470.png);\" title=\"41\" ><\/div><\/div><figcaption class='av-inner-masonry-content site-background'><div class='av-inner-masonry-content-pos'><div class='av-inner-masonry-content-pos-content'><div class='avia-arrow'><\/div><h3 class='av-masonry-entry-title entry-title '  itemprop=\"headline\" >Aventuras<\/h3><span class=\"av-masonry-price price\"><\/span><\/div><\/div><\/figcaption><\/figure><\/a><!--end av-masonry entry--><a href=\"https:\/\/visitapuertolopez.com\/index.php\/producto\/ayampe\/\"  id='av-masonry-1-item-46' data-av-masonry-item='46' class='av-masonry-entry isotope-item post-46 product type-product status-publish has-post-thumbnail product_cat-ayampe-las-tunas last instock virtual product-type-simple all_sort ayampe-las-tunas_sort  av-masonry-item-with-image av-grid-img' title=\"5\"  itemscope=\"itemscope\" itemtype=\"https:\/\/schema.org\/CreativeWork\" ><div class='av-inner-masonry-sizer'><\/div><figure class='av-inner-masonry main_color'><div class=\"av-masonry-outerimage-container\"><div class=\"av-masonry-image-container\" style=\"background-image: url(https:\/\/visitapuertolopez.com\/wp-content\/uploads\/2021\/07\/5-705x392.png);\" title=\"5\" ><\/div><\/div><figcaption class='av-inner-masonry-content site-background'><div class='av-inner-masonry-content-pos'><div class='av-inner-masonry-content-pos-content'><div class='avia-arrow'><\/div><h3 class='av-masonry-entry-title entry-title '  itemprop=\"headline\" >Ayampe &#8211; Las Tunas<\/h3><span class=\"av-masonry-price price\"><\/span><\/div><\/div><\/figcaption><\/figure><\/a><!--end av-masonry entry--><a href=\"https:\/\/visitapuertolopez.com\/index.php\/producto\/bosque_humedo\/\"  id='av-masonry-1-item-180' data-av-masonry-item='180' class='av-masonry-entry isotope-item post-180 product type-product status-publish has-post-thumbnail product_cat-bosque-humedo first instock virtual product-type-simple all_sort bosque-humedo_sort  av-masonry-item-with-image av-grid-img' title=\"39\"  itemscope=\"itemscope\" itemtype=\"https:\/\/schema.org\/CreativeWork\" ><div class='av-inner-masonry-sizer'><\/div><figure class='av-inner-masonry main_color'><div class=\"av-masonry-outerimage-container\"><div class=\"av-masonry-image-container\" style=\"background-image: url(https:\/\/visitapuertolopez.com\/wp-content\/uploads\/2016\/03\/39-705x470.png);\" title=\"39\" ><\/div><\/div><figcaption class='av-inner-masonry-content site-background'><div class='av-inner-masonry-content-pos'><div class='av-inner-masonry-content-pos-content'><div class='avia-arrow'><\/div><h3 class='av-masonry-entry-title entry-title '  itemprop=\"headline\" >Bosque H\u00famedo<\/h3><span class=\"av-masonry-price price\"><\/span><\/div><\/div><\/figcaption><\/figure><\/a><!--end av-masonry entry--><a href=\"https:\/\/visitapuertolopez.com\/index.php\/producto\/isla_de_la_plata\/\"  id='av-masonry-1-item-44' data-av-masonry-item='44' class='av-masonry-entry isotope-item post-44 product type-product status-publish has-post-thumbnail product_cat-isla-de-la-plata  instock virtual product-type-simple all_sort isla-de-la-plata_sort  av-masonry-item-with-image av-grid-img' title=\"2\"  itemscope=\"itemscope\" itemtype=\"https:\/\/schema.org\/CreativeWork\" ><div class='av-inner-masonry-sizer'><\/div><figure class='av-inner-masonry main_color'><div class=\"av-masonry-outerimage-container\"><div class=\"av-masonry-image-container\" style=\"background-image: url(https:\/\/visitapuertolopez.com\/wp-content\/uploads\/2021\/07\/2-705x392.png);\" title=\"2\" ><\/div><\/div><figcaption class='av-inner-masonry-content site-background'><div class='av-inner-masonry-content-pos'><div class='av-inner-masonry-content-pos-content'><div class='avia-arrow'><\/div><h3 class='av-masonry-entry-title entry-title '  itemprop=\"headline\" >Isla de la Plata<\/h3><span class=\"av-masonry-price price\"><\/span><\/div><\/div><\/figcaption><\/figure><\/a><!--end av-masonry entry--><a href=\"https:\/\/visitapuertolopez.com\/index.php\/producto\/playa_de_los_frailes\/\"  id='av-masonry-1-item-360' data-av-masonry-item='360' class='av-masonry-entry isotope-item post-360 product type-product status-publish has-post-thumbnail product_cat-los-frailes last instock virtual product-type-simple all_sort los-frailes_sort  av-masonry-item-with-image av-grid-img' title=\"3\"  itemscope=\"itemscope\" itemtype=\"https:\/\/schema.org\/CreativeWork\" ><div class='av-inner-masonry-sizer'><\/div><figure class='av-inner-masonry main_color'><div class=\"av-masonry-outerimage-container\"><div class=\"av-masonry-image-container\" style=\"background-image: url(https:\/\/visitapuertolopez.com\/wp-content\/uploads\/2021\/07\/3-705x392.png);\" title=\"3\" ><\/div><\/div><figcaption class='av-inner-masonry-content site-background'><div class='av-inner-masonry-content-pos'><div class='av-inner-masonry-content-pos-content'><div class='avia-arrow'><\/div><h3 class='av-masonry-entry-title entry-title '  itemprop=\"headline\" >Playa de los Frailes<\/h3><span class=\"av-masonry-price price\"><\/span><\/div><\/div><\/figcaption><\/figure><\/a><!--end av-masonry entry--><\/div><\/div><\/p>\n<div id='av_section_3'  class='avia-section alternate_color avia-section-large avia-no-border-styling  avia-bg-style-scroll  avia-builder-el-15  el_after_av_masonry_entries  avia-builder-el-last   container_wrap sidebar_right' style=' '  ><div class='container' ><div class='template-page content  av-content-small alpha units'><div class='post-entry post-entry-type-page post-entry-184'><div class='entry-content-wrapper clearfix'>\n<div  style='padding-bottom:20px; ' class='av-special-heading av-special-heading-h1  blockquote modern-quote modern-centered  avia-builder-el-16  el_before_av_one_fifth  avia-builder-el-first  '><div class ='av-subheading av-subheading_above  ' style='font-size:15px;'><p>#UnMundoDeExperiencias<\/p>\n<\/div><h1 class='av-special-heading-tag '  itemprop=\"headline\"  >Suscr\u00edbete a Nuestro Sitio<\/h1><div class='special-heading-border'><div class='special-heading-inner-border' ><\/div><\/div><\/div>\n<div class=\"flex_column av_one_fifth  flex_column_div av-zero-column-padding first  avia-builder-el-17  el_after_av_heading  el_before_av_three_fifth  \" style='border-radius:0px; '><\/div><div class=\"flex_column av_three_fifth  flex_column_div av-zero-column-padding   avia-builder-el-18  el_after_av_one_fifth  el_before_av_one_fifth  \" style='border-radius:0px; '><form action=\"https:\/\/visitapuertolopez.com\/index.php\/blog-de-viajes\/\" method=\"post\"  class=\"avia_ajax_form av-form-labels-hidden   avia-builder-el-19  avia-builder-el-no-sibling  av-centered-form   \" data-avia-form-id=\"1\" data-avia-redirect='' ><fieldset><p class='  first_form  form_element form_element_third' id='element_avia_1_1'><label for=\"avia_1_1\">Nombres <abbr class=\"required\" title=\"required\">*<\/abbr><\/label> <input name=\"avia_1_1\" class=\"text_input is_empty\" type=\"text\" id=\"avia_1_1\" value=\"\"  placeholder='Nombres*'\/><\/p><p class='  form_element form_element_third av-last-visible-form-element' id='element_avia_2_1'><label for=\"avia_2_1\">Correo Electr\u00f3nico <abbr class=\"required\" title=\"required\">*<\/abbr><\/label> <input name=\"avia_2_1\" class=\"text_input is_email\" type=\"text\" id=\"avia_2_1\" value=\"\"  placeholder='Correo Electr\u00f3nico*'\/><\/p><p class=\"hidden\"><input type=\"text\" name=\"avia_3_1\" class=\"hidden \" id=\"avia_3_1\" value=\"\" \/><\/p><p class=\"form_element form_element_third modified_width\"><input type=\"hidden\" value=\"1\" name=\"avia_generated_form1\" \/><input type=\"submit\" value=\"Suscribirse\" class=\"button\"  data-sending-label=\"Sending\"\/><\/p><\/fieldset><\/form><div id=\"ajaxresponse_1\" class=\"ajaxresponse ajaxresponse_1 hidden\"><\/div><\/div><div class=\"flex_column av_one_fifth  flex_column_div av-zero-column-padding   avia-builder-el-20  el_after_av_three_fifth  avia-builder-el-last  \" style='border-radius:0px; '><\/div>\n<\/div><\/div><\/div><!-- close content main div --><\/div><\/div><div id='after_section_3'  class='main_color av_default_container_wrap container_wrap sidebar_right' style=' '  ><div class='container' ><div class='template-page content  av-content-small alpha units'><div class='post-entry post-entry-type-page post-entry-184'><div class='entry-content-wrapper clearfix'>\n","protected":false},"excerpt":{"rendered":"","protected":false},"author":1,"featured_media":0,"parent":0,"menu_order":0,"comment_status":"closed","ping_status":"closed","template":"","meta":{"om_disable_all_campaigns":false,"footnotes":""},"class_list":["post-184","page","type-page","status-publish","hentry"],"_links":{"self":[{"href":"https:\/\/visitapuertolopez.com\/index.php\/wp-json\/wp\/v2\/pages\/184"}],"collection":[{"href":"https:\/\/visitapuertolopez.com\/index.php\/wp-json\/wp\/v2\/pages"}],"about":[{"href":"https:\/\/visitapuertolopez.com\/index.php\/wp-json\/wp\/v2\/types\/page"}],"author":[{"embeddable":true,"href":"https:\/\/visitapuertolopez.com\/index.php\/wp-json\/wp\/v2\/users\/1"}],"replies":[{"embeddable":true,"href":"https:\/\/visitapuertolopez.com\/index.php\/wp-json\/wp\/v2\/comments?post=184"}],"version-history":[{"count":12,"href":"https:\/\/visitapuertolopez.com\/index.php\/wp-json\/wp\/v2\/pages\/184\/revisions"}],"predecessor-version":[{"id":3674,"href":"https:\/\/visitapuertolopez.com\/index.php\/wp-json\/wp\/v2\/pages\/184\/revisions\/3674"}],"wp:attachment":[{"href":"https:\/\/visitapuertolopez.com\/index.php\/wp-json\/wp\/v2\/media?parent=184"}],"curies":[{"name":"wp","href":"https:\/\/api.w.org\/{rel}","templated":true}]}}